{"id":7934,"date":"2019-11-22T04:11:25","date_gmt":"2019-11-22T04:11:25","guid":{"rendered":"http:\/\/www.umbriaexperience.it\/chi-siamo\/"},"modified":"2022-11-30T16:04:20","modified_gmt":"2022-11-30T15:04:20","slug":"about-us","status":"publish","type":"page","link":"https:\/\/www.umbriaexperience.it\/en\/about-us\/","title":{"rendered":"About us"},"content":{"rendered":"\t\t<div data-elementor-type=\"wp-page\" data-elementor-id=\"7934\" class=\"elementor elementor-7934 elementor-2517\">\n\t\t\t\t\t\t<div class=\"elementor-inner\">\n\t\t\t\t<div class=\"elementor-section-wrap\">\n\t\t\t\t\t\t\t\t\t<section class=\"elementor-section elementor-top-section elementor-element elementor-element-cb39800 elementor-section-stretched elementor-section-boxed elementor-section-gap-beside-yes elementor-section-height-default elementor-section-height-default elementor-section-column-vertical-align-stretch\" data-id=\"cb39800\" data-element_type=\"section\" data-settings=\"{&quot;stretch_section&quot;:&quot;section-stretched&quot;,&quot;background_background&quot;:&quot;classic&quot;}\">\n\t\t\t\t\t\t<div class=\"elementor-container elementor-column-gap-extended\">\n\t\t\t\t\t\t\t<div class=\"elementor-row\">\n\t\t\t\t\t<div class=\"elementor-column elementor-col-100 elementor-top-column elementor-element elementor-element-c878572\" data-id=\"c878572\" data-element_type=\"column\">\n\t\t\t<div class=\"elementor-column-wrap elementor-element-populated\">\n\t\t\t\t\t\t\t<div class=\"elementor-widget-wrap\">\n\t\t\t\t\t\t<div class=\"elementor-element elementor-element-9a11b33 elementor-widget elementor-widget-heading\" data-id=\"9a11b33\" data-element_type=\"widget\" data-widget_type=\"heading.default\">\n\t\t\t\t<div class=\"elementor-widget-container\">\n\t\t\t<h2 class=\"elementor-heading-title elementor-size-default\">About us<\/h2>\t\t<\/div>\n\t\t\t\t<\/div>\n\t\t\t\t<div class=\"elementor-element elementor-element-7204624 elementor-widget elementor-widget-text-editor\" data-id=\"7204624\" data-element_type=\"widget\" data-widget_type=\"text-editor.default\">\n\t\t\t\t<div class=\"elementor-widget-container\">\n\t\t\t\t\t\t\t\t<div class=\"elementor-text-editor elementor-clearfix\">\n\t\t\t\t\t\t\t\t\t<\/div>\n\t\t\t\t\t\t<\/div>\n\t\t\t\t<\/div>\n\t\t\t\t\t\t<\/div>\n\t\t\t\t\t<\/div>\n\t\t<\/div>\n\t\t\t\t\t\t\t\t<\/div>\n\t\t\t\t\t<\/div>\n\t\t<\/section>\n\t\t\t\t<section class=\"elementor-section elementor-top-section elementor-element elementor-element-a3175a2 elementor-section-boxed elementor-section-gap-beside-yes elementor-section-height-default elementor-section-height-default elementor-section-column-vertical-align-stretch\" data-id=\"a3175a2\" data-element_type=\"section\">\n\t\t\t\t\t\t<div class=\"elementor-container elementor-column-gap-extended\">\n\t\t\t\t\t\t\t<div class=\"elementor-row\">\n\t\t\t\t\t<div class=\"elementor-column elementor-col-100 elementor-top-column elementor-element elementor-element-278b25a\" data-id=\"278b25a\" data-element_type=\"column\">\n\t\t\t<div class=\"elementor-column-wrap elementor-element-populated\">\n\t\t\t\t\t\t\t<div class=\"elementor-widget-wrap\">\n\t\t\t\t\t\t<div class=\"elementor-element elementor-element-8ab21c1 elementor-widget elementor-widget-spacer\" data-id=\"8ab21c1\" data-element_type=\"widget\" data-widget_type=\"spacer.default\">\n\t\t\t\t<div class=\"elementor-widget-container\">\n\t\t\t\t\t<div class=\"elementor-spacer\">\n\t\t\t<div class=\"elementor-spacer-inner\"><\/div>\n\t\t<\/div>\n\t\t\t\t<\/div>\n\t\t\t\t<\/div>\n\t\t\t\t\t\t<\/div>\n\t\t\t\t\t<\/div>\n\t\t<\/div>\n\t\t\t\t\t\t\t\t<\/div>\n\t\t\t\t\t<\/div>\n\t\t<\/section>\n\t\t\t\t<section class=\"elementor-section elementor-top-section elementor-element elementor-element-f5c34be elementor-section-boxed elementor-section-gap-beside-yes elementor-section-height-default elementor-section-height-default elementor-section-column-vertical-align-stretch\" data-id=\"f5c34be\" data-element_type=\"section\">\n\t\t\t\t\t\t<div class=\"elementor-container elementor-column-gap-extended\">\n\t\t\t\t\t\t\t<div class=\"elementor-row\">\n\t\t\t\t\t<div class=\"elementor-column elementor-col-100 elementor-top-column elementor-element elementor-element-fabe69d\" data-id=\"fabe69d\" data-element_type=\"column\">\n\t\t\t<div class=\"elementor-column-wrap elementor-element-populated\">\n\t\t\t\t\t\t\t<div class=\"elementor-widget-wrap\">\n\t\t\t\t\t\t<div class=\"elementor-element elementor-element-f74534f elementor-widget elementor-widget-heading\" data-id=\"f74534f\" data-element_type=\"widget\" data-widget_type=\"heading.default\">\n\t\t\t\t<div class=\"elementor-widget-container\">\n\t\t\t<h2 class=\"elementor-heading-title elementor-size-default\">DIT<\/h2>\t\t<\/div>\n\t\t\t\t<\/div>\n\t\t\t\t<div class=\"elementor-element elementor-element-ac7cf4f elementor-widget elementor-widget-text-editor\" data-id=\"ac7cf4f\" data-element_type=\"widget\" data-widget_type=\"text-editor.default\">\n\t\t\t\t<div class=\"elementor-widget-container\">\n\t\t\t\t\t\t\t\t<div class=\"elementor-text-editor elementor-clearfix\">\n\t\t\t\t<p>DIT, Distretto Integrato Turistico, is a consortium-society \u2026 \u00e8 una societ\u00e0 consortile a responsabilit\u00e0 limitata costituita da soggetti pubblici e privati con l\u2019obiettivo di favorire la qualificazione e lo sviluppo del turismo in Umbria e territori limitrofi.<\/p><p>Ne fanno parte, come componenti pubbliche, l\u2019Amministrazione Provinciale e la Camera di Commercio di Terni; come privati sono presenti operatori turistici della ricettivit\u00e0, alberghiera ed extralberghiera, della ristorazione, dei servizi al turismo ed alcune associazioni imprenditoriali di categoria.<\/p><p>Il DIT \u00e8 impegnato nel promuovere e, soprattutto, nel commercializzare i prodotti e l\u2019offerta turistica del territorio attraverso la comunicazione e la diffusione di proposte turistiche strutturate.<\/p><p>Il portale web intende offrire ai potenziali turisti informazioni, suggerimenti di viaggio, ma anche sensazioni ed emozioni di un territorio capace di regalare ai visitatori entusiasmanti scoperte.<\/p><p>Navigando nel portale del DIT l\u2019utente, sia esso un privato, un\u2019agenzia o un tour operator pu\u00f2 acquisire tutte le informazioni sull\u2019offerta turistica territoriale, prenotare pernottamenti nelle strutture ricettive, oppure scegliere tra le varie tipologie di pacchetti turistici che mirano a soddisfare una vasta gamma di interessi e di richieste.<\/p>\t\t\t\t\t<\/div>\n\t\t\t\t\t\t<\/div>\n\t\t\t\t<\/div>\n\t\t\t\t\t\t<\/div>\n\t\t\t\t\t<\/div>\n\t\t<\/div>\n\t\t\t\t\t\t\t\t<\/div>\n\t\t\t\t\t<\/div>\n\t\t<\/section>\n\t\t\t\t<section class=\"elementor-section elementor-top-section elementor-element elementor-element-e422bdf elementor-section-boxed elementor-section-gap-beside-yes elementor-section-height-default elementor-section-height-default elementor-section-column-vertical-align-stretch\" data-id=\"e422bdf\" data-element_type=\"section\">\n\t\t\t\t\t\t<div class=\"elementor-container elementor-column-gap-extended\">\n\t\t\t\t\t\t\t<div class=\"elementor-row\">\n\t\t\t\t\t<div class=\"elementor-column elementor-col-100 elementor-top-column elementor-element elementor-element-9a8f6fb\" data-id=\"9a8f6fb\" data-element_type=\"column\">\n\t\t\t<div class=\"elementor-column-wrap elementor-element-populated\">\n\t\t\t\t\t\t\t<div class=\"elementor-widget-wrap\">\n\t\t\t\t\t\t<div class=\"elementor-element elementor-element-3ad7f85 elementor-widget elementor-widget-heading\" data-id=\"3ad7f85\" data-element_type=\"widget\" data-widget_type=\"heading.default\">\n\t\t\t\t<div class=\"elementor-widget-container\">\n\t\t\t<h2 class=\"elementor-heading-title elementor-size-default\">Mission<\/h2>\t\t<\/div>\n\t\t\t\t<\/div>\n\t\t\t\t<div class=\"elementor-element elementor-element-5ea06fd elementor-widget elementor-widget-text-editor\" data-id=\"5ea06fd\" data-element_type=\"widget\" data-widget_type=\"text-editor.default\">\n\t\t\t\t<div class=\"elementor-widget-container\">\n\t\t\t\t\t\t\t\t<div class=\"elementor-text-editor elementor-clearfix\">\n\t\t\t\t<p>Sostenere lo sviluppo del settore turistico\u00a0 puntando sull\u2019integrazione dell\u2019offerta, sia fra le diverse tipologie di attivit\u00e0 gestite dai privati, che fra le varie amministrazioni pubbliche che a diverso titolo hanno competenze nel settore turistico, facendo riferimento e utilizzando tutte le opportunit\u00e0 previste dalle normative (nazionali, comunitarie, regionali).<\/p><p>\u00a0<\/p><p>Il concetto dell\u2019integrazione rappresenta la base su cui poggia l\u2019impianto complessivo del distretto; la capacit\u00e0 di correlare diverse tipologie di \u201cofferta turistica\u201d, l\u2019armonizzazione dell\u2019attivit\u00e0 di soggetti pubblici e privati, e di gestione in termini di efficienza e di efficacia dell\u2019attivit\u00e0 di presentazione \/ promozione del territorio provinciale, e la correlata commercializzazione delle strutture ricettive e delle altre imprese di servizi associate, costituiscono la filosofia in cui il DIT si deve riconoscere.<\/p>\t\t\t\t\t<\/div>\n\t\t\t\t\t\t<\/div>\n\t\t\t\t<\/div>\n\t\t\t\t\t\t<\/div>\n\t\t\t\t\t<\/div>\n\t\t<\/div>\n\t\t\t\t\t\t\t\t<\/div>\n\t\t\t\t\t<\/div>\n\t\t<\/section>\n\t\t\t\t<section class=\"elementor-section elementor-top-section elementor-element elementor-element-2686dff elementor-section-boxed elementor-section-gap-beside-yes elementor-section-height-default elementor-section-height-default elementor-section-column-vertical-align-stretch\" data-id=\"2686dff\" data-element_type=\"section\">\n\t\t\t\t\t\t<div class=\"elementor-container elementor-column-gap-extended\">\n\t\t\t\t\t\t\t<div class=\"elementor-row\">\n\t\t\t\t\t<div class=\"elementor-column elementor-col-25 elementor-top-column elementor-element elementor-element-e44e147\" data-id=\"e44e147\" data-element_type=\"column\">\n\t\t\t<div class=\"elementor-column-wrap elementor-element-populated\">\n\t\t\t\t\t\t\t<div class=\"elementor-widget-wrap\">\n\t\t\t\t\t\t<div class=\"elementor-element elementor-element-e2a5272 elementor-position-top elementor-vertical-align-top elementor-widget elementor-widget-image-box\" data-id=\"e2a5272\" data-element_type=\"widget\" data-widget_type=\"image-box.default\">\n\t\t\t\t<div class=\"elementor-widget-container\">\n\t\t\t<div class=\"elementor-image-box-wrapper\"><figure class=\"elementor-image-box-img\"><img decoding=\"async\" src=\"http:\/\/localhost\/gl\/country-guide\/wp-content\/uploads\/sites\/3\/sites\/6\/2020\/11\/avatar-default.jpg\" title=\"\" alt=\"\" class=\"elementor-animation-float\" \/><\/figure><div class=\"elementor-image-box-content\"><h3 class=\"elementor-image-box-title\">Jaspreet Bhamrai<\/h3><p class=\"elementor-image-box-description\">Founder<\/p><\/div><\/div>\t\t<\/div>\n\t\t\t\t<\/div>\n\t\t\t\t\t\t<\/div>\n\t\t\t\t\t<\/div>\n\t\t<\/div>\n\t\t\t\t<div class=\"elementor-column elementor-col-25 elementor-top-column elementor-element elementor-element-f8d7443\" data-id=\"f8d7443\" data-element_type=\"column\">\n\t\t\t<div class=\"elementor-column-wrap elementor-element-populated\">\n\t\t\t\t\t\t\t<div class=\"elementor-widget-wrap\">\n\t\t\t\t\t\t<div class=\"elementor-element elementor-element-a65ff45 elementor-position-top elementor-vertical-align-top elementor-widget elementor-widget-image-box\" data-id=\"a65ff45\" data-element_type=\"widget\" data-widget_type=\"image-box.default\">\n\t\t\t\t<div class=\"elementor-widget-container\">\n\t\t\t<div class=\"elementor-image-box-wrapper\"><figure class=\"elementor-image-box-img\"><img decoding=\"async\" src=\"http:\/\/localhost\/gl\/country-guide\/wp-content\/uploads\/sites\/3\/sites\/6\/2020\/11\/avatar-default.jpg\" title=\"\" alt=\"\" class=\"elementor-animation-float\" \/><\/figure><div class=\"elementor-image-box-content\"><h3 class=\"elementor-image-box-title\">Jaspreet Bhamrai<\/h3><p class=\"elementor-image-box-description\">Co - founder<\/p><\/div><\/div>\t\t<\/div>\n\t\t\t\t<\/div>\n\t\t\t\t\t\t<\/div>\n\t\t\t\t\t<\/div>\n\t\t<\/div>\n\t\t\t\t<div class=\"elementor-column elementor-col-25 elementor-top-column elementor-element elementor-element-4440b8b\" data-id=\"4440b8b\" data-element_type=\"column\">\n\t\t\t<div class=\"elementor-column-wrap elementor-element-populated\">\n\t\t\t\t\t\t\t<div class=\"elementor-widget-wrap\">\n\t\t\t\t\t\t<div class=\"elementor-element elementor-element-b06a8c0 elementor-position-top elementor-vertical-align-top elementor-widget elementor-widget-image-box\" data-id=\"b06a8c0\" data-element_type=\"widget\" data-widget_type=\"image-box.default\">\n\t\t\t\t<div class=\"elementor-widget-container\">\n\t\t\t<div class=\"elementor-image-box-wrapper\"><figure class=\"elementor-image-box-img\"><img decoding=\"async\" src=\"http:\/\/localhost\/gl\/country-guide\/wp-content\/uploads\/sites\/3\/sites\/6\/2020\/11\/avatar-default.jpg\" title=\"\" alt=\"\" class=\"elementor-animation-float\" \/><\/figure><div class=\"elementor-image-box-content\"><h3 class=\"elementor-image-box-title\">Jaspreet Bhamrai<\/h3><p class=\"elementor-image-box-description\">Co - founder<\/p><\/div><\/div>\t\t<\/div>\n\t\t\t\t<\/div>\n\t\t\t\t\t\t<\/div>\n\t\t\t\t\t<\/div>\n\t\t<\/div>\n\t\t\t\t<div class=\"elementor-column elementor-col-25 elementor-top-column elementor-element elementor-element-9f7aec4\" data-id=\"9f7aec4\" data-element_type=\"column\">\n\t\t\t<div class=\"elementor-column-wrap elementor-element-populated\">\n\t\t\t\t\t\t\t<div class=\"elementor-widget-wrap\">\n\t\t\t\t\t\t<div class=\"elementor-element elementor-element-94664e5 elementor-position-top elementor-vertical-align-top elementor-widget elementor-widget-image-box\" data-id=\"94664e5\" data-element_type=\"widget\" data-widget_type=\"image-box.default\">\n\t\t\t\t<div class=\"elementor-widget-container\">\n\t\t\t<div class=\"elementor-image-box-wrapper\"><figure class=\"elementor-image-box-img\"><img decoding=\"async\" src=\"http:\/\/localhost\/gl\/country-guide\/wp-content\/uploads\/sites\/3\/sites\/6\/2020\/11\/avatar-default.jpg\" title=\"\" alt=\"\" class=\"elementor-animation-float\" \/><\/figure><div class=\"elementor-image-box-content\"><h3 class=\"elementor-image-box-title\">Jaspreet Bhamrai<\/h3><p class=\"elementor-image-box-description\">Co - founder<\/p><\/div><\/div>\t\t<\/div>\n\t\t\t\t<\/div>\n\t\t\t\t\t\t<\/div>\n\t\t\t\t\t<\/div>\n\t\t<\/div>\n\t\t\t\t\t\t\t\t<\/div>\n\t\t\t\t\t<\/div>\n\t\t<\/section>\n\t\t\t\t\t\t\t\t\t<\/div>\n\t\t\t<\/div>\n\t\t\t\t\t<\/div>\n\t\t","protected":false},"excerpt":{"rendered":"<p>About us DIT DIT, Distretto Integrato Turistico, is a consortium-society \u2026 \u00e8 una societ\u00e0 consortile a responsabilit\u00e0 limitata costituita da soggetti pubblici e privati con l\u2019obiettivo di favorire la qualificazione e lo sviluppo del turismo in Umbria e territori limitrofi. Ne fanno parte, come componenti pubbliche, l\u2019Amministrazione Provinciale e la Camera di Commercio di Terni; [&hellip;]<\/p>\n","protected":false},"author":1,"featured_media":0,"parent":0,"menu_order":0,"comment_status":"closed","ping_status":"closed","template":"","meta":{"iawp_total_views":64,"footnotes":""},"class_list":["post-7934","page","type-page","status-publish","hentry"],"yoast_head":"<!-- This site is optimized with the Yoast SEO plugin v26.2 - https:\/\/yoast.com\/wordpress\/plugins\/seo\/ -->\n<title>About us | Umbria Experience<\/title>\n<meta name=\"robots\" content=\"index, follow, max-snippet:-1, max-image-preview:large, max-video-preview:-1\" \/>\n<link rel=\"canonical\" href=\"https:\/\/www.umbriaexperience.it\/en\/about-us\/\" \/>\n<meta property=\"og:locale\" content=\"en_US\" \/>\n<meta property=\"og:type\" content=\"article\" \/>\n<meta property=\"og:title\" content=\"About us | Umbria Experience\" \/>\n<meta property=\"og:description\" content=\"About us DIT DIT, Distretto Integrato Turistico, is a consortium-society \u2026 \u00e8 una societ\u00e0 consortile a responsabilit\u00e0 limitata costituita da soggetti pubblici e privati con l\u2019obiettivo di favorire la qualificazione e lo sviluppo del turismo in Umbria e territori limitrofi. Ne fanno parte, come componenti pubbliche, l\u2019Amministrazione Provinciale e la Camera di Commercio di Terni; [&hellip;]\" \/>\n<meta property=\"og:url\" content=\"https:\/\/www.umbriaexperience.it\/en\/about-us\/\" \/>\n<meta property=\"og:site_name\" content=\"Umbria Experience\" \/>\n<meta property=\"article:publisher\" content=\"https:\/\/it-it.facebook.com\/umbriaexperience\" \/>\n<meta property=\"article:modified_time\" content=\"2022-11-30T15:04:20+00:00\" \/>\n<meta property=\"og:image\" content=\"http:\/\/localhost\/gl\/country-guide\/wp-content\/uploads\/sites\/3\/sites\/6\/2020\/11\/avatar-default.jpg\" \/>\n<meta name=\"twitter:card\" content=\"summary_large_image\" \/>\n<meta name=\"twitter:label1\" content=\"Est. reading time\" \/>\n\t<meta name=\"twitter:data1\" content=\"3 minutes\" \/>\n<script type=\"application\/ld+json\" class=\"yoast-schema-graph\">{\"@context\":\"https:\/\/schema.org\",\"@graph\":[{\"@type\":\"WebPage\",\"@id\":\"https:\/\/www.umbriaexperience.it\/en\/about-us\/\",\"url\":\"https:\/\/www.umbriaexperience.it\/en\/about-us\/\",\"name\":\"About us | Umbria Experience\",\"isPartOf\":{\"@id\":\"https:\/\/www.umbriaexperience.it\/#website\"},\"primaryImageOfPage\":{\"@id\":\"https:\/\/www.umbriaexperience.it\/en\/about-us\/#primaryimage\"},\"image\":{\"@id\":\"https:\/\/www.umbriaexperience.it\/en\/about-us\/#primaryimage\"},\"thumbnailUrl\":\"http:\/\/localhost\/gl\/country-guide\/wp-content\/uploads\/sites\/3\/sites\/6\/2020\/11\/avatar-default.jpg\",\"datePublished\":\"2019-11-22T04:11:25+00:00\",\"dateModified\":\"2022-11-30T15:04:20+00:00\",\"breadcrumb\":{\"@id\":\"https:\/\/www.umbriaexperience.it\/en\/about-us\/#breadcrumb\"},\"inLanguage\":\"en-US\",\"potentialAction\":[{\"@type\":\"ReadAction\",\"target\":[\"https:\/\/www.umbriaexperience.it\/en\/about-us\/\"]}]},{\"@type\":\"ImageObject\",\"inLanguage\":\"en-US\",\"@id\":\"https:\/\/www.umbriaexperience.it\/en\/about-us\/#primaryimage\",\"url\":\"http:\/\/localhost\/gl\/country-guide\/wp-content\/uploads\/sites\/3\/sites\/6\/2020\/11\/avatar-default.jpg\",\"contentUrl\":\"http:\/\/localhost\/gl\/country-guide\/wp-content\/uploads\/sites\/3\/sites\/6\/2020\/11\/avatar-default.jpg\"},{\"@type\":\"BreadcrumbList\",\"@id\":\"https:\/\/www.umbriaexperience.it\/en\/about-us\/#breadcrumb\",\"itemListElement\":[{\"@type\":\"ListItem\",\"position\":1,\"name\":\"Home\",\"item\":\"https:\/\/www.umbriaexperience.it\/en\/\"},{\"@type\":\"ListItem\",\"position\":2,\"name\":\"About us\"}]},{\"@type\":\"WebSite\",\"@id\":\"https:\/\/www.umbriaexperience.it\/#website\",\"url\":\"https:\/\/www.umbriaexperience.it\/\",\"name\":\"Umbria Experience\",\"description\":\"\",\"publisher\":{\"@id\":\"https:\/\/www.umbriaexperience.it\/#organization\"},\"potentialAction\":[{\"@type\":\"SearchAction\",\"target\":{\"@type\":\"EntryPoint\",\"urlTemplate\":\"https:\/\/www.umbriaexperience.it\/?s={search_term_string}\"},\"query-input\":{\"@type\":\"PropertyValueSpecification\",\"valueRequired\":true,\"valueName\":\"search_term_string\"}}],\"inLanguage\":\"en-US\"},{\"@type\":\"Organization\",\"@id\":\"https:\/\/www.umbriaexperience.it\/#organization\",\"name\":\"Umbria Experience\",\"url\":\"https:\/\/www.umbriaexperience.it\/\",\"logo\":{\"@type\":\"ImageObject\",\"inLanguage\":\"en-US\",\"@id\":\"https:\/\/www.umbriaexperience.it\/#\/schema\/logo\/image\/\",\"url\":\"http:\/\/www.umbriaexperience.it\/wp-content\/uploads\/2022\/08\/logo-umbria-experience.png\",\"contentUrl\":\"http:\/\/www.umbriaexperience.it\/wp-content\/uploads\/2022\/08\/logo-umbria-experience.png\",\"width\":251,\"height\":96,\"caption\":\"Umbria Experience\"},\"image\":{\"@id\":\"https:\/\/www.umbriaexperience.it\/#\/schema\/logo\/image\/\"},\"sameAs\":[\"https:\/\/it-it.facebook.com\/umbriaexperience\"]}]}<\/script>\n<!-- \/ Yoast SEO plugin. -->","yoast_head_json":{"title":"About us | Umbria Experience","robots":{"index":"index","follow":"follow","max-snippet":"max-snippet:-1","max-image-preview":"max-image-preview:large","max-video-preview":"max-video-preview:-1"},"canonical":"https:\/\/www.umbriaexperience.it\/en\/about-us\/","og_locale":"en_US","og_type":"article","og_title":"About us | Umbria Experience","og_description":"About us DIT DIT, Distretto Integrato Turistico, is a consortium-society \u2026 \u00e8 una societ\u00e0 consortile a responsabilit\u00e0 limitata costituita da soggetti pubblici e privati con l\u2019obiettivo di favorire la qualificazione e lo sviluppo del turismo in Umbria e territori limitrofi. Ne fanno parte, come componenti pubbliche, l\u2019Amministrazione Provinciale e la Camera di Commercio di Terni; [&hellip;]","og_url":"https:\/\/www.umbriaexperience.it\/en\/about-us\/","og_site_name":"Umbria Experience","article_publisher":"https:\/\/it-it.facebook.com\/umbriaexperience","article_modified_time":"2022-11-30T15:04:20+00:00","og_image":[{"url":"http:\/\/localhost\/gl\/country-guide\/wp-content\/uploads\/sites\/3\/sites\/6\/2020\/11\/avatar-default.jpg","type":"","width":"","height":""}],"twitter_card":"summary_large_image","twitter_misc":{"Est. reading time":"3 minutes"},"schema":{"@context":"https:\/\/schema.org","@graph":[{"@type":"WebPage","@id":"https:\/\/www.umbriaexperience.it\/en\/about-us\/","url":"https:\/\/www.umbriaexperience.it\/en\/about-us\/","name":"About us | Umbria Experience","isPartOf":{"@id":"https:\/\/www.umbriaexperience.it\/#website"},"primaryImageOfPage":{"@id":"https:\/\/www.umbriaexperience.it\/en\/about-us\/#primaryimage"},"image":{"@id":"https:\/\/www.umbriaexperience.it\/en\/about-us\/#primaryimage"},"thumbnailUrl":"http:\/\/localhost\/gl\/country-guide\/wp-content\/uploads\/sites\/3\/sites\/6\/2020\/11\/avatar-default.jpg","datePublished":"2019-11-22T04:11:25+00:00","dateModified":"2022-11-30T15:04:20+00:00","breadcrumb":{"@id":"https:\/\/www.umbriaexperience.it\/en\/about-us\/#breadcrumb"},"inLanguage":"en-US","potentialAction":[{"@type":"ReadAction","target":["https:\/\/www.umbriaexperience.it\/en\/about-us\/"]}]},{"@type":"ImageObject","inLanguage":"en-US","@id":"https:\/\/www.umbriaexperience.it\/en\/about-us\/#primaryimage","url":"http:\/\/localhost\/gl\/country-guide\/wp-content\/uploads\/sites\/3\/sites\/6\/2020\/11\/avatar-default.jpg","contentUrl":"http:\/\/localhost\/gl\/country-guide\/wp-content\/uploads\/sites\/3\/sites\/6\/2020\/11\/avatar-default.jpg"},{"@type":"BreadcrumbList","@id":"https:\/\/www.umbriaexperience.it\/en\/about-us\/#breadcrumb","itemListElement":[{"@type":"ListItem","position":1,"name":"Home","item":"https:\/\/www.umbriaexperience.it\/en\/"},{"@type":"ListItem","position":2,"name":"About us"}]},{"@type":"WebSite","@id":"https:\/\/www.umbriaexperience.it\/#website","url":"https:\/\/www.umbriaexperience.it\/","name":"Umbria Experience","description":"","publisher":{"@id":"https:\/\/www.umbriaexperience.it\/#organization"},"potentialAction":[{"@type":"SearchAction","target":{"@type":"EntryPoint","urlTemplate":"https:\/\/www.umbriaexperience.it\/?s={search_term_string}"},"query-input":{"@type":"PropertyValueSpecification","valueRequired":true,"valueName":"search_term_string"}}],"inLanguage":"en-US"},{"@type":"Organization","@id":"https:\/\/www.umbriaexperience.it\/#organization","name":"Umbria Experience","url":"https:\/\/www.umbriaexperience.it\/","logo":{"@type":"ImageObject","inLanguage":"en-US","@id":"https:\/\/www.umbriaexperience.it\/#\/schema\/logo\/image\/","url":"http:\/\/www.umbriaexperience.it\/wp-content\/uploads\/2022\/08\/logo-umbria-experience.png","contentUrl":"http:\/\/www.umbriaexperience.it\/wp-content\/uploads\/2022\/08\/logo-umbria-experience.png","width":251,"height":96,"caption":"Umbria Experience"},"image":{"@id":"https:\/\/www.umbriaexperience.it\/#\/schema\/logo\/image\/"},"sameAs":["https:\/\/it-it.facebook.com\/umbriaexperience"]}]}},"_links":{"self":[{"href":"https:\/\/www.umbriaexperience.it\/en\/wp-json\/wp\/v2\/pages\/7934","targetHints":{"allow":["GET"]}}],"collection":[{"href":"https:\/\/www.umbriaexperience.it\/en\/wp-json\/wp\/v2\/pages"}],"about":[{"href":"https:\/\/www.umbriaexperience.it\/en\/wp-json\/wp\/v2\/types\/page"}],"author":[{"embeddable":true,"href":"https:\/\/www.umbriaexperience.it\/en\/wp-json\/wp\/v2\/users\/1"}],"replies":[{"embeddable":true,"href":"https:\/\/www.umbriaexperience.it\/en\/wp-json\/wp\/v2\/comments?post=7934"}],"version-history":[{"count":10,"href":"https:\/\/www.umbriaexperience.it\/en\/wp-json\/wp\/v2\/pages\/7934\/revisions"}],"predecessor-version":[{"id":7964,"href":"https:\/\/www.umbriaexperience.it\/en\/wp-json\/wp\/v2\/pages\/7934\/revisions\/7964"}],"wp:attachment":[{"href":"https:\/\/www.umbriaexperience.it\/en\/wp-json\/wp\/v2\/media?parent=7934"}],"curies":[{"name":"wp","href":"https:\/\/api.w.org\/{rel}","templated":true}]}}